{"id":4934,"date":"2021-06-17T11:13:42","date_gmt":"2021-06-17T09:13:42","guid":{"rendered":"https:\/\/bwstw.com\/learning\/buddydrive\/"},"modified":"2021-06-17T11:13:42","modified_gmt":"2021-06-17T09:13:42","slug":"buddydrive","status":"publish","type":"page","link":"https:\/\/bwstw.com\/learning\/buddydrive\/","title":{"rendered":"BuddyDrive"},"content":{"rendered":"<p>BuddyDrive uses this page to manage the downloads of your buddies files, please leave it as is. It will not show in your navigation bar.<\/p>\n","protected":false},"excerpt":{"rendered":"<p>BuddyDrive uses this page to manage the downloads of your buddies files, please leave it as is. It will not &hellip;<\/p>\n","protected":false},"author":50038,"featured_media":0,"parent":0,"menu_order":0,"comment_status":"closed","ping_status":"closed","template":"","meta":{"_bbp_topic_count":0,"_bbp_reply_count":0,"_bbp_total_topic_count":0,"_bbp_total_reply_count":0,"_bbp_voice_count":0,"_bbp_anonymous_reply_count":0,"_bbp_topic_count_hidden":0,"_bbp_reply_count_hidden":0,"_bbp_forum_subforum_count":0,"_vibebp_attr":"","_vibebp_dimensions":"","_vibebp_responsive_height":"","_vibebp_accordion_ie_support":"","jetpack_post_was_ever_published":false},"jetpack_sharing_enabled":true,"jetpack_likes_enabled":true,"jetpack-related-posts":[{"id":3779,"url":"https:\/\/bwstw.com\/learning\/course-status\/","url_meta":{"origin":4934,"position":0},"title":"Course Status","date":"19\/10\/2020","format":false,"excerpt":"Course InstructionsnnPlease enter Course instructions in the Course Status page. To edit this\u00a0content, simply follow below steps :nntLogin to WP Admin panelntLocate and click Pages sectionntSearch for page Course StatusntEdit the page and change this contentntUpdate the page.n","rel":"","context":"Articolo simile","img":{"alt_text":"","src":"","width":0,"height":0},"classes":[]},{"id":4481,"url":"https:\/\/bwstw.com\/learning\/","url_meta":{"origin":4934,"position":1},"title":"Beauty Will Save The World","date":"09\/06\/2021","format":false,"excerpt":"","rel":"","context":"Articolo simile","img":{"alt_text":"","src":"","width":0,"height":0},"classes":[]},{"id":3329,"url":"https:\/\/bwstw.com\/learning\/social\/","url_meta":{"origin":4934,"position":2},"title":"SOCIAL","date":"10\/10\/2015","format":false,"excerpt":"Facebook Twitter Youtube Pinterest Instagram Linkedin Skype Beauty will save the world [alpine-phototile-for-pinterest src=\"user\" uid=\"BWSTW\" imgl=\"none\" dl=\"1\" dlstyle=\"large\" style=\"floor\" row=\"6\" size=\"192\" num=\"24\" align=\"center\" max=\"100\" nocredit=\"1\" equal_height=\"false\" auto_play=\"false\" autoplaytimeout=\"3000\" margin=\"10\" nav=\"false\"] #BWSTW","rel":"","context":"Articolo simile","img":{"alt_text":"","src":"","width":0,"height":0},"classes":[]},{"id":3536,"url":"https:\/\/bwstw.com\/learning\/progetti-culturali\/","url_meta":{"origin":4934,"position":3},"title":"Progetti culturali &#8211; Elementor","date":"15\/03\/2016","format":false,"excerpt":"La bellezza come rivoluzione La Bellezza come riqualifica, come percorso salvifico di riappropriazione della dignit\u00e0 umana. La Bellezza, insieme all\u2019amore, la verit\u00e0 e la giustizia, rappresenta un\u2019autentica promozione spirituale. Gli uomini che dimenticheranno una sola di queste forze creatrici, non potranno indicare a nessuno il cammino della civilt\u00e0. (Adriano Olivetti)\u2026","rel":"","context":"Articolo simile","img":{"alt_text":"","src":"https:\/\/i0.wp.com\/bwstw.com\/learning\/wp-content\/uploads\/2019\/04\/SOU-copy.jpg?resize=350%2C200&ssl=1","width":350,"height":200},"classes":[]},{"id":4223,"url":"https:\/\/bwstw.com\/learning\/elementor-4223\/","url_meta":{"origin":4934,"position":4},"title":"Elementor #4223","date":"17\/05\/2021","format":false,"excerpt":"\u00a0\u00a0BEAUTY\u00a0\u00a0\u00a0WILL SAVETHE WORLD BWSTW \u00e8 un progetto dedicato alla Bellezza come esperienza di miglioramento Consapevolezza femminileEducazione dei giovani al rispetto di s\u00e8 e degli altriRigenerazione dei luoghi e delle comunit\u00e0 Scopri di pi\u00f9 La BellezzaSalver\u00e0 il mondo COME? Corso Consapevolezza estetica Fai clic qui Progetti epartenrship Fai clic qui Corso\u2026","rel":"","context":"Articolo simile","img":{"alt_text":"","src":"https:\/\/i0.wp.com\/bwstw.com\/learning\/wp-content\/uploads\/2021\/05\/img3.png?resize=350%2C200&ssl=1","width":350,"height":200},"classes":[]},{"id":3799,"url":"https:\/\/bwstw.com\/learning\/corsi-di-consapevolezza-estetica\/","url_meta":{"origin":4934,"position":5},"title":"Corsi di consapevolezza estetica &#8211; Elementor","date":"20\/10\/2020","format":false,"excerpt":"\"Essere belli \u00e8 molto pi\u00f9 semplice che essere perfetti\" Beauty will save the world Il primo video corso che valorizzala bellezza invece di Il primo video corso che valorizza la bellezza invece di Il nostro video corso in 60 secondi https:\/\/www.youtube.com\/watch?v=XHOmBV4js_E Perch\u00e8 un corso diconsapevolezza estetica? Fashion blogger, Instagram, Tik\u2026","rel":"","context":"Articolo simile","img":{"alt_text":"","src":"https:\/\/i0.wp.com\/bwstw.com\/learning\/wp-content\/uploads\/2020\/10\/Schermata-2020-10-26-alle-10.26.21.png?resize=350%2C200&ssl=1","width":350,"height":200},"classes":[]}],"_links":{"self":[{"href":"https:\/\/bwstw.com\/learning\/wp-json\/wp\/v2\/pages\/4934"}],"collection":[{"href":"https:\/\/bwstw.com\/learning\/wp-json\/wp\/v2\/pages"}],"about":[{"href":"https:\/\/bwstw.com\/learning\/wp-json\/wp\/v2\/types\/page"}],"author":[{"embeddable":true,"href":"https:\/\/bwstw.com\/learning\/wp-json\/wp\/v2\/users\/50038"}],"replies":[{"embeddable":true,"href":"https:\/\/bwstw.com\/learning\/wp-json\/wp\/v2\/comments?post=4934"}],"version-history":[{"count":0,"href":"https:\/\/bwstw.com\/learning\/wp-json\/wp\/v2\/pages\/4934\/revisions"}],"wp:attachment":[{"href":"https:\/\/bwstw.com\/learning\/wp-json\/wp\/v2\/media?parent=4934"}],"curies":[{"name":"wp","href":"https:\/\/api.w.org\/{rel}","templated":true}]}}